{"id":158,"date":"2024-04-08T12:38:06","date_gmt":"2024-04-08T15:38:06","guid":{"rendered":"https:\/\/www1.syskeeper.com.br\/?page_id=158"},"modified":"2024-04-08T14:42:27","modified_gmt":"2024-04-08T17:42:27","slug":"termos-de-uso","status":"publish","type":"page","link":"https:\/\/syskeeper.com.br\/?page_id=158","title":{"rendered":"Termos de Uso"},"content":{"rendered":"\t\t<div data-elementor-type=\"wp-page\" data-elementor-id=\"158\" class=\"elementor elementor-158\" data-elementor-post-type=\"page\">\n\t\t\t\t<div class=\"elementor-element elementor-element-4e0ddd9 999999999999 e-flex e-con-boxed e-con e-parent\" data-id=\"4e0ddd9\" data-element_type=\"container\" data-settings=\"{&quot;background_background&quot;:&quot;classic&quot;}\">\n\t\t\t\t\t<div class=\"e-con-inner\">\n\t\t<div class=\"elementor-element elementor-element-a5ec774 e-con-full e-flex e-con e-child\" data-id=\"a5ec774\" data-element_type=\"container\">\n\t\t\t\t<div class=\"elementor-element elementor-element-dae47a6 elementor-widget__width-initial elementor-widget-mobile__width-initial elementor-widget elementor-widget-heading\" data-id=\"dae47a6\" data-element_type=\"widget\" data-widget_type=\"heading.default\">\n\t\t\t\t<div class=\"elementor-widget-container\">\n\t\t\t\t\t<h1 class=\"elementor-heading-title elementor-size-default\">Termos de Uso<\/h1>\t\t\t\t<\/div>\n\t\t\t\t<\/div>\n\t\t\t\t<\/div>\n\t\t\t\t\t<\/div>\n\t\t\t\t<\/div>\n\t\t<div class=\"elementor-element elementor-element-b285ed6 e-flex e-con-boxed e-con e-parent\" data-id=\"b285ed6\" data-element_type=\"container\" data-settings=\"{&quot;background_background&quot;:&quot;classic&quot;}\">\n\t\t\t\t\t<div class=\"e-con-inner\">\n\t\t\t\t<div class=\"elementor-element elementor-element-14c854f elementor-widget elementor-widget-text-editor\" data-id=\"14c854f\" data-element_type=\"widget\" data-widget_type=\"text-editor.default\">\n\t\t\t\t<div class=\"elementor-widget-container\">\n\t\t\t\t\t\t\t\t\t<ol><li><p><strong>Uso do Site:<\/strong><\/p><ul><li>O uso do site da SysKeeper pressup\u00f5e a aceita\u00e7\u00e3o dos Termos de Uso. A SysKeeper reserva-se o direito de alterar estes termos sem aviso pr\u00e9vio.<\/li><\/ul><\/li><li><p><strong>Responsabilidade do Usu\u00e1rio:<\/strong><\/p><ul><li>O usu\u00e1rio concorda em n\u00e3o compartilhar informa\u00e7\u00f5es de identifica\u00e7\u00e3o pessoal de outros usu\u00e1rios sem consentimento, e em n\u00e3o enviar e-mails n\u00e3o solicitados (spam) utilizando informa\u00e7\u00f5es coletadas no site da SysKeeper.<\/li><\/ul><\/li><li><p><strong>Consentimento:<\/strong><\/p><ul><li>Ao acessar o site da SysKeeper e fornecer informa\u00e7\u00f5es pessoais, o usu\u00e1rio est\u00e1 consentindo com a presente Pol\u00edtica de Privacidade.<\/li><\/ul><\/li><\/ol><p>Para quaisquer d\u00favidas ou quest\u00f5es relacionadas a essas pol\u00edticas, entre em contato atrav\u00e9s do e-mail <a target=\"_new\">contato@syskeeper.com.br<\/a>.<\/p>\t\t\t\t\t\t\t\t<\/div>\n\t\t\t\t<\/div>\n\t\t\t\t\t<\/div>\n\t\t\t\t<\/div>\n\t\t\t\t<\/div>\n\t\t","protected":false},"excerpt":{"rendered":"<p>Uso do Site: O uso do site da SysKeeper pressup\u00f5e a aceita\u00e7\u00e3o dos Termos de Uso. A SysKeeper reserva-se o direito de alterar estes termos sem aviso pr\u00e9vio. Responsabilidade do Usu\u00e1rio: O usu\u00e1rio concorda em n\u00e3o compartilhar informa\u00e7\u00f5es de identifica\u00e7\u00e3o pessoal de outros usu\u00e1rios sem consentimento, e em n\u00e3o enviar e-mails n\u00e3o solicitados (spam) utilizando [&hellip;]<\/p>\n","protected":false},"author":1,"featured_media":0,"parent":0,"menu_order":0,"comment_status":"closed","ping_status":"closed","template":"","meta":{"inline_featured_image":false,"footnotes":""},"class_list":["post-158","page","type-page","status-publish","hentry"],"yoast_head":"<!-- This site is optimized with the Yoast SEO plugin v26.3 - https:\/\/yoast.com\/wordpress\/plugins\/seo\/ -->\n<title>Termos de Uso - Syskeeper<\/title>\n<meta name=\"robots\" content=\"index, follow, max-snippet:-1, max-image-preview:large, max-video-preview:-1\" \/>\n<link rel=\"canonical\" href=\"https:\/\/syskeeper.com.br\/?page_id=158\" \/>\n<meta property=\"og:locale\" content=\"pt_BR\" \/>\n<meta property=\"og:type\" content=\"article\" \/>\n<meta property=\"og:title\" content=\"Termos de Uso - Syskeeper\" \/>\n<meta property=\"og:description\" content=\"Uso do Site: O uso do site da SysKeeper pressup\u00f5e a aceita\u00e7\u00e3o dos Termos de Uso. A SysKeeper reserva-se o direito de alterar estes termos sem aviso pr\u00e9vio. Responsabilidade do Usu\u00e1rio: O usu\u00e1rio concorda em n\u00e3o compartilhar informa\u00e7\u00f5es de identifica\u00e7\u00e3o pessoal de outros usu\u00e1rios sem consentimento, e em n\u00e3o enviar e-mails n\u00e3o solicitados (spam) utilizando [&hellip;]\" \/>\n<meta property=\"og:url\" content=\"https:\/\/syskeeper.com.br\/?page_id=158\" \/>\n<meta property=\"og:site_name\" content=\"Syskeeper\" \/>\n<meta property=\"article:publisher\" content=\"https:\/\/www.instagram.com\/syskeeper_\/\" \/>\n<meta property=\"article:modified_time\" content=\"2024-04-08T17:42:27+00:00\" \/>\n<meta name=\"twitter:card\" content=\"summary_large_image\" \/>\n<meta name=\"twitter:label1\" content=\"Est. tempo de leitura\" \/>\n\t<meta name=\"twitter:data1\" content=\"1 minuto\" \/>\n<script type=\"application\/ld+json\" class=\"yoast-schema-graph\">{\"@context\":\"https:\/\/schema.org\",\"@graph\":[{\"@type\":\"WebPage\",\"@id\":\"https:\/\/syskeeper.com.br\/?page_id=158\",\"url\":\"https:\/\/syskeeper.com.br\/?page_id=158\",\"name\":\"Termos de Uso - Syskeeper\",\"isPartOf\":{\"@id\":\"https:\/\/syskeeper.com.br\/#website\"},\"datePublished\":\"2024-04-08T15:38:06+00:00\",\"dateModified\":\"2024-04-08T17:42:27+00:00\",\"breadcrumb\":{\"@id\":\"https:\/\/syskeeper.com.br\/?page_id=158#breadcrumb\"},\"inLanguage\":\"pt-BR\",\"potentialAction\":[{\"@type\":\"ReadAction\",\"target\":[\"https:\/\/syskeeper.com.br\/?page_id=158\"]}]},{\"@type\":\"BreadcrumbList\",\"@id\":\"https:\/\/syskeeper.com.br\/?page_id=158#breadcrumb\",\"itemListElement\":[{\"@type\":\"ListItem\",\"position\":1,\"name\":\"In\u00edcio\",\"item\":\"https:\/\/syskeeper.com.br\/\"},{\"@type\":\"ListItem\",\"position\":2,\"name\":\"Termos de Uso\"}]},{\"@type\":\"WebSite\",\"@id\":\"https:\/\/syskeeper.com.br\/#website\",\"url\":\"https:\/\/syskeeper.com.br\/\",\"name\":\"Syskeeper\",\"description\":\"Solu\u00e7\u00e3o de medi\u00e7\u00e3o individualizada \",\"publisher\":{\"@id\":\"https:\/\/syskeeper.com.br\/#organization\"},\"potentialAction\":[{\"@type\":\"SearchAction\",\"target\":{\"@type\":\"EntryPoint\",\"urlTemplate\":\"https:\/\/syskeeper.com.br\/?s={search_term_string}\"},\"query-input\":{\"@type\":\"PropertyValueSpecification\",\"valueRequired\":true,\"valueName\":\"search_term_string\"}}],\"inLanguage\":\"pt-BR\"},{\"@type\":\"Organization\",\"@id\":\"https:\/\/syskeeper.com.br\/#organization\",\"name\":\"Syskeeper\",\"url\":\"https:\/\/syskeeper.com.br\/\",\"logo\":{\"@type\":\"ImageObject\",\"inLanguage\":\"pt-BR\",\"@id\":\"https:\/\/syskeeper.com.br\/#\/schema\/logo\/image\/\",\"url\":\"https:\/\/syskeeper.com.br\/wp-content\/uploads\/2024\/04\/Logotipo_syskeeper_SemFundo-08.png\",\"contentUrl\":\"https:\/\/syskeeper.com.br\/wp-content\/uploads\/2024\/04\/Logotipo_syskeeper_SemFundo-08.png\",\"width\":3206,\"height\":776,\"caption\":\"Syskeeper\"},\"image\":{\"@id\":\"https:\/\/syskeeper.com.br\/#\/schema\/logo\/image\/\"},\"sameAs\":[\"https:\/\/www.instagram.com\/syskeeper_\/\"]}]}<\/script>\n<!-- \/ Yoast SEO plugin. -->","yoast_head_json":{"title":"Termos de Uso - Syskeeper","robots":{"index":"index","follow":"follow","max-snippet":"max-snippet:-1","max-image-preview":"max-image-preview:large","max-video-preview":"max-video-preview:-1"},"canonical":"https:\/\/syskeeper.com.br\/?page_id=158","og_locale":"pt_BR","og_type":"article","og_title":"Termos de Uso - Syskeeper","og_description":"Uso do Site: O uso do site da SysKeeper pressup\u00f5e a aceita\u00e7\u00e3o dos Termos de Uso. A SysKeeper reserva-se o direito de alterar estes termos sem aviso pr\u00e9vio. Responsabilidade do Usu\u00e1rio: O usu\u00e1rio concorda em n\u00e3o compartilhar informa\u00e7\u00f5es de identifica\u00e7\u00e3o pessoal de outros usu\u00e1rios sem consentimento, e em n\u00e3o enviar e-mails n\u00e3o solicitados (spam) utilizando [&hellip;]","og_url":"https:\/\/syskeeper.com.br\/?page_id=158","og_site_name":"Syskeeper","article_publisher":"https:\/\/www.instagram.com\/syskeeper_\/","article_modified_time":"2024-04-08T17:42:27+00:00","twitter_card":"summary_large_image","twitter_misc":{"Est. tempo de leitura":"1 minuto"},"schema":{"@context":"https:\/\/schema.org","@graph":[{"@type":"WebPage","@id":"https:\/\/syskeeper.com.br\/?page_id=158","url":"https:\/\/syskeeper.com.br\/?page_id=158","name":"Termos de Uso - Syskeeper","isPartOf":{"@id":"https:\/\/syskeeper.com.br\/#website"},"datePublished":"2024-04-08T15:38:06+00:00","dateModified":"2024-04-08T17:42:27+00:00","breadcrumb":{"@id":"https:\/\/syskeeper.com.br\/?page_id=158#breadcrumb"},"inLanguage":"pt-BR","potentialAction":[{"@type":"ReadAction","target":["https:\/\/syskeeper.com.br\/?page_id=158"]}]},{"@type":"BreadcrumbList","@id":"https:\/\/syskeeper.com.br\/?page_id=158#breadcrumb","itemListElement":[{"@type":"ListItem","position":1,"name":"In\u00edcio","item":"https:\/\/syskeeper.com.br\/"},{"@type":"ListItem","position":2,"name":"Termos de Uso"}]},{"@type":"WebSite","@id":"https:\/\/syskeeper.com.br\/#website","url":"https:\/\/syskeeper.com.br\/","name":"Syskeeper","description":"Solu\u00e7\u00e3o de medi\u00e7\u00e3o individualizada ","publisher":{"@id":"https:\/\/syskeeper.com.br\/#organization"},"potentialAction":[{"@type":"SearchAction","target":{"@type":"EntryPoint","urlTemplate":"https:\/\/syskeeper.com.br\/?s={search_term_string}"},"query-input":{"@type":"PropertyValueSpecification","valueRequired":true,"valueName":"search_term_string"}}],"inLanguage":"pt-BR"},{"@type":"Organization","@id":"https:\/\/syskeeper.com.br\/#organization","name":"Syskeeper","url":"https:\/\/syskeeper.com.br\/","logo":{"@type":"ImageObject","inLanguage":"pt-BR","@id":"https:\/\/syskeeper.com.br\/#\/schema\/logo\/image\/","url":"https:\/\/syskeeper.com.br\/wp-content\/uploads\/2024\/04\/Logotipo_syskeeper_SemFundo-08.png","contentUrl":"https:\/\/syskeeper.com.br\/wp-content\/uploads\/2024\/04\/Logotipo_syskeeper_SemFundo-08.png","width":3206,"height":776,"caption":"Syskeeper"},"image":{"@id":"https:\/\/syskeeper.com.br\/#\/schema\/logo\/image\/"},"sameAs":["https:\/\/www.instagram.com\/syskeeper_\/"]}]}},"_links":{"self":[{"href":"https:\/\/syskeeper.com.br\/index.php?rest_route=\/wp\/v2\/pages\/158","targetHints":{"allow":["GET"]}}],"collection":[{"href":"https:\/\/syskeeper.com.br\/index.php?rest_route=\/wp\/v2\/pages"}],"about":[{"href":"https:\/\/syskeeper.com.br\/index.php?rest_route=\/wp\/v2\/types\/page"}],"author":[{"embeddable":true,"href":"https:\/\/syskeeper.com.br\/index.php?rest_route=\/wp\/v2\/users\/1"}],"replies":[{"embeddable":true,"href":"https:\/\/syskeeper.com.br\/index.php?rest_route=%2Fwp%2Fv2%2Fcomments&post=158"}],"version-history":[{"count":7,"href":"https:\/\/syskeeper.com.br\/index.php?rest_route=\/wp\/v2\/pages\/158\/revisions"}],"predecessor-version":[{"id":253,"href":"https:\/\/syskeeper.com.br\/index.php?rest_route=\/wp\/v2\/pages\/158\/revisions\/253"}],"wp:attachment":[{"href":"https:\/\/syskeeper.com.br\/index.php?rest_route=%2Fwp%2Fv2%2Fmedia&parent=158"}],"curies":[{"name":"wp","href":"https:\/\/api.w.org\/{rel}","templated":true}]}}