{"id":154,"date":"2024-04-08T12:37:37","date_gmt":"2024-04-08T15:37:37","guid":{"rendered":"https:\/\/www1.syskeeper.com.br\/?page_id=154"},"modified":"2024-04-08T14:41:15","modified_gmt":"2024-04-08T17:41:15","slug":"politica-de-cookies","status":"publish","type":"page","link":"https:\/\/syskeeper.com.br\/?page_id=154","title":{"rendered":"Pol\u00edtica de Cookies"},"content":{"rendered":"\t\t<div data-elementor-type=\"wp-page\" data-elementor-id=\"154\" class=\"elementor elementor-154\" data-elementor-post-type=\"page\">\n\t\t\t\t<div class=\"elementor-element elementor-element-4193186 999999999999 e-flex e-con-boxed e-con e-parent\" data-id=\"4193186\" data-element_type=\"container\" data-settings=\"{&quot;background_background&quot;:&quot;classic&quot;}\">\n\t\t\t\t\t<div class=\"e-con-inner\">\n\t\t<div class=\"elementor-element elementor-element-fc4ebf5 e-con-full e-flex e-con e-child\" data-id=\"fc4ebf5\" data-element_type=\"container\">\n\t\t\t\t<div class=\"elementor-element elementor-element-603837b elementor-widget__width-initial elementor-widget-mobile__width-initial elementor-widget elementor-widget-heading\" data-id=\"603837b\" data-element_type=\"widget\" data-widget_type=\"heading.default\">\n\t\t\t\t<div class=\"elementor-widget-container\">\n\t\t\t\t\t<h1 class=\"elementor-heading-title elementor-size-default\">Pol\u00edtica de Cookies<\/h1>\t\t\t\t<\/div>\n\t\t\t\t<\/div>\n\t\t\t\t<\/div>\n\t\t\t\t\t<\/div>\n\t\t\t\t<\/div>\n\t\t<div class=\"elementor-element elementor-element-66198c6 e-flex e-con-boxed e-con e-parent\" data-id=\"66198c6\" data-element_type=\"container\" data-settings=\"{&quot;background_background&quot;:&quot;classic&quot;}\">\n\t\t\t\t\t<div class=\"e-con-inner\">\n\t\t\t\t<div class=\"elementor-element elementor-element-6189326 elementor-widget elementor-widget-text-editor\" data-id=\"6189326\" data-element_type=\"widget\" data-widget_type=\"text-editor.default\">\n\t\t\t\t<div class=\"elementor-widget-container\">\n\t\t\t\t\t\t\t\t\t<ul><li><p><strong>O que s\u00e3o Cookies:<\/strong><\/p><ul><li>Os cookies s\u00e3o pequenos arquivos de texto que s\u00e3o armazenados no navegador do usu\u00e1rio quando ele visita um site. Eles cont\u00eam informa\u00e7\u00f5es que podem ser lidas pelo servidor do site em futuras visitas.<\/li><\/ul><\/li><li><p><strong>Como Utilizamos Cookies:<\/strong><\/p><ul><li>A Plataforma SysKeeper utiliza cookies para melhorar a experi\u00eancia do usu\u00e1rio no site, personalizando conte\u00fados, oferecendo funcionalidades como webinars e lives, e analisando o desempenho do site.<\/li><\/ul><\/li><li><p><strong>Tipos de Cookies Utilizados:<\/strong><\/p><ul><li>Cookies de Prefer\u00eancias: Armazenam informa\u00e7\u00f5es sobre as prefer\u00eancias do usu\u00e1rio, como idioma e regi\u00e3o.<\/li><li>Cookies de An\u00e1lise: Coletam informa\u00e7\u00f5es sobre a intera\u00e7\u00e3o do usu\u00e1rio com o site, como p\u00e1ginas visitadas e tempo de perman\u00eancia, para melhorar o desempenho e a usabilidade do site.<\/li><li>Cookies de Publicidade: Permitem exibir an\u00fancios relevantes com base nos interesses do usu\u00e1rio, tanto no site da SysKeeper quanto em outros sites.<\/li><\/ul><\/li><li><p><strong>Controle de Cookies:<\/strong><\/p><ul><li>Os usu\u00e1rios podem controlar o uso de cookies atrav\u00e9s das configura\u00e7\u00f5es do navegador ou de programas Anti-Virus. No entanto, desativar cookies pode afetar a funcionalidade do site.<\/li><\/ul><\/li><li><p><strong>Aceita\u00e7\u00e3o da Pol\u00edtica de Cookies:<\/strong><\/p><ul><li>Ao continuar a usar o site da SysKeeper, os usu\u00e1rios concordam com o uso de cookies de acordo com esta Pol\u00edtica de Cookies.<\/li><\/ul><\/li><\/ul>\t\t\t\t\t\t\t\t<\/div>\n\t\t\t\t<\/div>\n\t\t\t\t\t<\/div>\n\t\t\t\t<\/div>\n\t\t\t\t<\/div>\n\t\t","protected":false},"excerpt":{"rendered":"<p>O que s\u00e3o Cookies: Os cookies s\u00e3o pequenos arquivos de texto que s\u00e3o armazenados no navegador do usu\u00e1rio quando ele visita um site. Eles cont\u00eam informa\u00e7\u00f5es que podem ser lidas pelo servidor do site em futuras visitas. Como Utilizamos Cookies: A Plataforma SysKeeper utiliza cookies para melhorar a experi\u00eancia do usu\u00e1rio no site, personalizando conte\u00fados, [&hellip;]<\/p>\n","protected":false},"author":1,"featured_media":0,"parent":0,"menu_order":0,"comment_status":"closed","ping_status":"closed","template":"","meta":{"inline_featured_image":false,"footnotes":""},"class_list":["post-154","page","type-page","status-publish","hentry"],"yoast_head":"<!-- This site is optimized with the Yoast SEO plugin v26.3 - https:\/\/yoast.com\/wordpress\/plugins\/seo\/ -->\n<title>Pol\u00edtica de Cookies - Syskeeper<\/title>\n<meta name=\"robots\" content=\"index, follow, max-snippet:-1, max-image-preview:large, max-video-preview:-1\" \/>\n<link rel=\"canonical\" href=\"https:\/\/syskeeper.com.br\/?page_id=154\" \/>\n<meta property=\"og:locale\" content=\"pt_BR\" \/>\n<meta property=\"og:type\" content=\"article\" \/>\n<meta property=\"og:title\" content=\"Pol\u00edtica de Cookies - Syskeeper\" \/>\n<meta property=\"og:description\" content=\"O que s\u00e3o Cookies: Os cookies s\u00e3o pequenos arquivos de texto que s\u00e3o armazenados no navegador do usu\u00e1rio quando ele visita um site. Eles cont\u00eam informa\u00e7\u00f5es que podem ser lidas pelo servidor do site em futuras visitas. Como Utilizamos Cookies: A Plataforma SysKeeper utiliza cookies para melhorar a experi\u00eancia do usu\u00e1rio no site, personalizando conte\u00fados, [&hellip;]\" \/>\n<meta property=\"og:url\" content=\"https:\/\/syskeeper.com.br\/?page_id=154\" \/>\n<meta property=\"og:site_name\" content=\"Syskeeper\" \/>\n<meta property=\"article:publisher\" content=\"https:\/\/www.instagram.com\/syskeeper_\/\" \/>\n<meta property=\"article:modified_time\" content=\"2024-04-08T17:41:15+00:00\" \/>\n<meta name=\"twitter:card\" content=\"summary_large_image\" \/>\n<meta name=\"twitter:label1\" content=\"Est. tempo de leitura\" \/>\n\t<meta name=\"twitter:data1\" content=\"1 minuto\" \/>\n<script type=\"application\/ld+json\" class=\"yoast-schema-graph\">{\"@context\":\"https:\/\/schema.org\",\"@graph\":[{\"@type\":\"WebPage\",\"@id\":\"https:\/\/syskeeper.com.br\/?page_id=154\",\"url\":\"https:\/\/syskeeper.com.br\/?page_id=154\",\"name\":\"Pol\u00edtica de Cookies - Syskeeper\",\"isPartOf\":{\"@id\":\"https:\/\/syskeeper.com.br\/#website\"},\"datePublished\":\"2024-04-08T15:37:37+00:00\",\"dateModified\":\"2024-04-08T17:41:15+00:00\",\"breadcrumb\":{\"@id\":\"https:\/\/syskeeper.com.br\/?page_id=154#breadcrumb\"},\"inLanguage\":\"pt-BR\",\"potentialAction\":[{\"@type\":\"ReadAction\",\"target\":[\"https:\/\/syskeeper.com.br\/?page_id=154\"]}]},{\"@type\":\"BreadcrumbList\",\"@id\":\"https:\/\/syskeeper.com.br\/?page_id=154#breadcrumb\",\"itemListElement\":[{\"@type\":\"ListItem\",\"position\":1,\"name\":\"In\u00edcio\",\"item\":\"https:\/\/syskeeper.com.br\/\"},{\"@type\":\"ListItem\",\"position\":2,\"name\":\"Pol\u00edtica de Cookies\"}]},{\"@type\":\"WebSite\",\"@id\":\"https:\/\/syskeeper.com.br\/#website\",\"url\":\"https:\/\/syskeeper.com.br\/\",\"name\":\"Syskeeper\",\"description\":\"Solu\u00e7\u00e3o de medi\u00e7\u00e3o individualizada \",\"publisher\":{\"@id\":\"https:\/\/syskeeper.com.br\/#organization\"},\"potentialAction\":[{\"@type\":\"SearchAction\",\"target\":{\"@type\":\"EntryPoint\",\"urlTemplate\":\"https:\/\/syskeeper.com.br\/?s={search_term_string}\"},\"query-input\":{\"@type\":\"PropertyValueSpecification\",\"valueRequired\":true,\"valueName\":\"search_term_string\"}}],\"inLanguage\":\"pt-BR\"},{\"@type\":\"Organization\",\"@id\":\"https:\/\/syskeeper.com.br\/#organization\",\"name\":\"Syskeeper\",\"url\":\"https:\/\/syskeeper.com.br\/\",\"logo\":{\"@type\":\"ImageObject\",\"inLanguage\":\"pt-BR\",\"@id\":\"https:\/\/syskeeper.com.br\/#\/schema\/logo\/image\/\",\"url\":\"https:\/\/syskeeper.com.br\/wp-content\/uploads\/2024\/04\/Logotipo_syskeeper_SemFundo-08.png\",\"contentUrl\":\"https:\/\/syskeeper.com.br\/wp-content\/uploads\/2024\/04\/Logotipo_syskeeper_SemFundo-08.png\",\"width\":3206,\"height\":776,\"caption\":\"Syskeeper\"},\"image\":{\"@id\":\"https:\/\/syskeeper.com.br\/#\/schema\/logo\/image\/\"},\"sameAs\":[\"https:\/\/www.instagram.com\/syskeeper_\/\"]}]}<\/script>\n<!-- \/ Yoast SEO plugin. -->","yoast_head_json":{"title":"Pol\u00edtica de Cookies - Syskeeper","robots":{"index":"index","follow":"follow","max-snippet":"max-snippet:-1","max-image-preview":"max-image-preview:large","max-video-preview":"max-video-preview:-1"},"canonical":"https:\/\/syskeeper.com.br\/?page_id=154","og_locale":"pt_BR","og_type":"article","og_title":"Pol\u00edtica de Cookies - Syskeeper","og_description":"O que s\u00e3o Cookies: Os cookies s\u00e3o pequenos arquivos de texto que s\u00e3o armazenados no navegador do usu\u00e1rio quando ele visita um site. Eles cont\u00eam informa\u00e7\u00f5es que podem ser lidas pelo servidor do site em futuras visitas. Como Utilizamos Cookies: A Plataforma SysKeeper utiliza cookies para melhorar a experi\u00eancia do usu\u00e1rio no site, personalizando conte\u00fados, [&hellip;]","og_url":"https:\/\/syskeeper.com.br\/?page_id=154","og_site_name":"Syskeeper","article_publisher":"https:\/\/www.instagram.com\/syskeeper_\/","article_modified_time":"2024-04-08T17:41:15+00:00","twitter_card":"summary_large_image","twitter_misc":{"Est. tempo de leitura":"1 minuto"},"schema":{"@context":"https:\/\/schema.org","@graph":[{"@type":"WebPage","@id":"https:\/\/syskeeper.com.br\/?page_id=154","url":"https:\/\/syskeeper.com.br\/?page_id=154","name":"Pol\u00edtica de Cookies - Syskeeper","isPartOf":{"@id":"https:\/\/syskeeper.com.br\/#website"},"datePublished":"2024-04-08T15:37:37+00:00","dateModified":"2024-04-08T17:41:15+00:00","breadcrumb":{"@id":"https:\/\/syskeeper.com.br\/?page_id=154#breadcrumb"},"inLanguage":"pt-BR","potentialAction":[{"@type":"ReadAction","target":["https:\/\/syskeeper.com.br\/?page_id=154"]}]},{"@type":"BreadcrumbList","@id":"https:\/\/syskeeper.com.br\/?page_id=154#breadcrumb","itemListElement":[{"@type":"ListItem","position":1,"name":"In\u00edcio","item":"https:\/\/syskeeper.com.br\/"},{"@type":"ListItem","position":2,"name":"Pol\u00edtica de Cookies"}]},{"@type":"WebSite","@id":"https:\/\/syskeeper.com.br\/#website","url":"https:\/\/syskeeper.com.br\/","name":"Syskeeper","description":"Solu\u00e7\u00e3o de medi\u00e7\u00e3o individualizada ","publisher":{"@id":"https:\/\/syskeeper.com.br\/#organization"},"potentialAction":[{"@type":"SearchAction","target":{"@type":"EntryPoint","urlTemplate":"https:\/\/syskeeper.com.br\/?s={search_term_string}"},"query-input":{"@type":"PropertyValueSpecification","valueRequired":true,"valueName":"search_term_string"}}],"inLanguage":"pt-BR"},{"@type":"Organization","@id":"https:\/\/syskeeper.com.br\/#organization","name":"Syskeeper","url":"https:\/\/syskeeper.com.br\/","logo":{"@type":"ImageObject","inLanguage":"pt-BR","@id":"https:\/\/syskeeper.com.br\/#\/schema\/logo\/image\/","url":"https:\/\/syskeeper.com.br\/wp-content\/uploads\/2024\/04\/Logotipo_syskeeper_SemFundo-08.png","contentUrl":"https:\/\/syskeeper.com.br\/wp-content\/uploads\/2024\/04\/Logotipo_syskeeper_SemFundo-08.png","width":3206,"height":776,"caption":"Syskeeper"},"image":{"@id":"https:\/\/syskeeper.com.br\/#\/schema\/logo\/image\/"},"sameAs":["https:\/\/www.instagram.com\/syskeeper_\/"]}]}},"_links":{"self":[{"href":"https:\/\/syskeeper.com.br\/index.php?rest_route=\/wp\/v2\/pages\/154","targetHints":{"allow":["GET"]}}],"collection":[{"href":"https:\/\/syskeeper.com.br\/index.php?rest_route=\/wp\/v2\/pages"}],"about":[{"href":"https:\/\/syskeeper.com.br\/index.php?rest_route=\/wp\/v2\/types\/page"}],"author":[{"embeddable":true,"href":"https:\/\/syskeeper.com.br\/index.php?rest_route=\/wp\/v2\/users\/1"}],"replies":[{"embeddable":true,"href":"https:\/\/syskeeper.com.br\/index.php?rest_route=%2Fwp%2Fv2%2Fcomments&post=154"}],"version-history":[{"count":10,"href":"https:\/\/syskeeper.com.br\/index.php?rest_route=\/wp\/v2\/pages\/154\/revisions"}],"predecessor-version":[{"id":247,"href":"https:\/\/syskeeper.com.br\/index.php?rest_route=\/wp\/v2\/pages\/154\/revisions\/247"}],"wp:attachment":[{"href":"https:\/\/syskeeper.com.br\/index.php?rest_route=%2Fwp%2Fv2%2Fmedia&parent=154"}],"curies":[{"name":"wp","href":"https:\/\/api.w.org\/{rel}","templated":true}]}}